{"id":1073,"date":"2023-08-18T03:11:09","date_gmt":"2023-08-17T21:41:09","guid":{"rendered":"https:\/\/icmi.acm.org\/2024\/?page_id=1073"},"modified":"2024-10-29T04:25:14","modified_gmt":"2024-10-28T22:55:14","slug":"venue","status":"publish","type":"page","link":"https:\/\/icmi.acm.org\/2024\/venue\/","title":{"rendered":"Venue"},"content":{"rendered":"<p>[et_pb_section fb_built=&#8221;1&#8243; admin_label=&#8221;section&#8221; _builder_version=&#8221;4.14.4&#8243; background_enable_image=&#8221;off&#8221; custom_padding=&#8221;3px||0px|||&#8221; global_colors_info=&#8221;{}&#8221; theme_builder_area=&#8221;post_content&#8221;][et_pb_row admin_label=&#8221;row&#8221; _builder_version=&#8221;4.14.4&#8243; background_size=&#8221;initial&#8221; background_position=&#8221;top_left&#8221; background_repeat=&#8221;repeat&#8221; width=&#8221;90%&#8221; custom_padding=&#8221;4px|||||&#8221; global_colors_info=&#8221;{}&#8221; theme_builder_area=&#8221;post_content&#8221;][et_pb_column type=&#8221;4_4&#8243; _builder_version=&#8221;3.25&#8243; custom_padding=&#8221;|||&#8221; global_colors_info=&#8221;{}&#8221; custom_padding__hover=&#8221;|||&#8221; theme_builder_area=&#8221;post_content&#8221;][et_pb_text _builder_version=&#8221;4.14.4&#8243; _module_preset=&#8221;default&#8221; text_text_color=&#8221;#6292C2&#8243; header_4_text_color=&#8221;#6292C2&#8243; global_colors_info=&#8221;{}&#8221; theme_builder_area=&#8221;post_content&#8221;]<\/p>\n<h4><strong>Venue<\/strong><\/h4>\n<p>[\/et_pb_text][et_pb_code _builder_version=&#8221;4.14.4&#8243; _module_preset=&#8221;default&#8221; text_orientation=&#8221;center&#8221; global_colors_info=&#8221;{}&#8221; theme_builder_area=&#8221;post_content&#8221;]<iframe loading=\"lazy\" width=\"425\" height=\"350\" src=\"https:\/\/www.openstreetmap.org\/export\/embed.html?bbox=-84.10216838121416%2C9.937975447441426%2C-84.09597247838975%2C9.941283168244398&#038;layer=mapnik&#038;marker=9.939629312025838%2C-84.09907042980194\" style=\"border: 1px solid black\"><\/iframe><!\u2013- [et_pb_br_holder] -\u2013><small><a href=\"https:\/\/www.openstreetmap.org\/?mlat=9.93963&#038;mlon=-84.09907#map=19\/9.93963\/-84.09907\">View Larger Map<\/a><\/small><!-- [et_pb_line_break_holder] --><!-- [et_pb_line_break_holder] -->[\/et_pb_code][et_pb_text _builder_version=&#8221;4.14.4&#8243; _module_preset=&#8221;default&#8221; text_font=&#8221;||||||||&#8221; text_text_color=&#8221;#4f4f4f&#8221; text_font_size=&#8221;13px&#8221; header_4_text_color=&#8221;#6292C2&#8243; header_4_line_height=&#8221;2em&#8221; header_5_text_color=&#8221;#672B83&#8243; header_5_line_height=&#8221;1.6em&#8221; custom_margin=&#8221;||0px|||&#8221; global_colors_info=&#8221;{}&#8221; theme_builder_area=&#8221;post_content&#8221;]<\/p>\n<p>&nbsp;<\/p>\n<p>ICMI 2024 will take place at the <a href=\"https:\/\/www.ihg.com\/crowneplaza\/hotels\/us\/en\/san-jose\/sjocp\/hoteldetail\">Crowne Plaza San Jos\u00e9 Conference Center<\/a>. It is located in the west side of the city and within 30 minutes from the Juan Santamar\u00eda International Airport. The area offers several restaurants and caf\u00e9s within walking distance. La Sabana, a large park that used to be an airport is just across the street from the conference venue and is a great place for sports and outdoor activities during the day.\u00a0<\/p>\n<p><span data-contrast=\"auto\">The hotel has large spaces and multiple services. If you want to better view the facilities and nearby places, you can click on this <a href=\"https:\/\/www.youtube.com\/watch?v=530SO26zcHE\">video.<\/a><\/span><\/p>\n<p>&nbsp;<\/p>\n<p>[\/et_pb_text][et_pb_image src=&#8221;https:\/\/icmi.acm.org\/2024\/wp-content\/uploads\/2024\/07\/venue.png&#8221; title_text=&#8221;venue&#8221; _builder_version=&#8221;4.14.4&#8243; _module_preset=&#8221;default&#8221; global_colors_info=&#8221;{}&#8221; theme_builder_area=&#8221;post_content&#8221;][\/et_pb_image][et_pb_text _builder_version=&#8221;4.14.4&#8243; _module_preset=&#8221;default&#8221; header_5_text_color=&#8221;#282562&#8243; global_colors_info=&#8221;{}&#8221; theme_builder_area=&#8221;post_content&#8221;]<\/p>\n<h5><strong><\/strong><\/h5>\n<h5><strong><\/strong><\/h5>\n<h5><strong><\/strong><\/h5>\n<h5><strong><\/strong><\/h5>\n<h5><strong>Traveling to Costa Rica<\/strong><\/h5>\n<p>There are two international airports in Costa Rica. The one closest to the conference center, Juan Santamar\u00eda International Airport (SJO) is the largest and busiest. Most of the flights coming in will arrive there. Be careful, the second airport (Daniel Oduber) is in the northern part of the country, from there, it is a 4-hour drive to the conference center!<\/p>\n<p>Different cities around the world are connected with direct flights to Juan Santamr\u00eda Airport (SJO), some of which are Los Angeles, Orlando, Houston, Miami, Denver, New York, Toronto, Ciudad de M\u00e9xico, Chicago, Bogot\u00e1, Ciudad de Guatemala, Lima, Madrid and Paris. Connecting options are also easy to find.\u00a0<\/p>\n<p>&nbsp;<\/p>\n<p>[\/et_pb_text][et_pb_image src=&#8221;https:\/\/icmi.acm.org\/2024\/wp-content\/uploads\/2024\/07\/rutas.png&#8221; title_text=&#8221;rutas&#8221; _builder_version=&#8221;4.14.4&#8243; _module_preset=&#8221;default&#8221; global_colors_info=&#8221;{}&#8221; theme_builder_area=&#8221;post_content&#8221;][\/et_pb_image][et_pb_text _builder_version=&#8221;4.14.4&#8243; _module_preset=&#8221;default&#8221; header_5_text_color=&#8221;#282562&#8243; hover_enabled=&#8221;0&#8243; global_colors_info=&#8221;{}&#8221; theme_builder_area=&#8221;post_content&#8221; sticky_enabled=&#8221;0&#8243;]<\/p>\n<h5><strong><\/strong><\/h5>\n<h5><strong><\/strong><\/h5>\n<p>&nbsp;<\/p>\n<h5><strong>Arriving from the Airport<\/strong><\/h5>\n<p>The easiest way to get to the conference center if you are arriving at the Juan Santamar\u00eda International Airport (SJO) is to take the official airport taxis. They are orange and will be properly identified with the logo seen in the image below (Photo credit: <a href=\"https:\/\/www.facebook.com\/taxisunidos\">FB page<\/a>). A trip from the airport to the conference hotel should cost around $25 or $30. For more information about official transportation from the airport please visit this <a href=\"https:\/\/www.sjoairport.com\/transportation\/?lang=en\">site<\/a>.<\/p>\n<p>&nbsp;<\/p>\n<div dir=\"ltr\" style=\"border: 0px; font: inherit; margin: 0px; padding: 0px; vertical-align: baseline; color: inherit;\">\n<div style=\"border: 0px; font: inherit; margin: 0px; padding: 0px; vertical-align: baseline; color: inherit;\">\n<div dir=\"ltr\" class=\"x_gmail_signature\" style=\"border: 0px; font: inherit; margin: 0px; padding: 0px; vertical-align: baseline; color: inherit;\">\n<div dir=\"ltr\" style=\"border: 0px; font: inherit; margin: 0px; padding: 0px; vertical-align: baseline; color: inherit;\">\n<div dir=\"ltr\" style=\"border: 0px; font: inherit; margin: 0px; padding: 0px; vertical-align: baseline; color: inherit;\">\n<div dir=\"ltr\" style=\"border: 0px; font: inherit; margin: 0px; padding: 0px; vertical-align: baseline; color: inherit;\">\n<div dir=\"ltr\" style=\"border: 0px; font: inherit; margin: 0px; padding: 0px; vertical-align: baseline; color: inherit;\">\n<div dir=\"ltr\" style=\"border: 0px; font: inherit; margin: 0px; padding: 0px; vertical-align: baseline; color: inherit;\">\n<div dir=\"ltr\" style=\"border: 0px; font: inherit; margin: 0px; padding: 0px; vertical-align: baseline; color: inherit;\">\n<div dir=\"ltr\" style=\"border: 0px; font: inherit; margin: 0px; padding: 0px; vertical-align: baseline; color: inherit;\">\n<div dir=\"ltr\" style=\"border: 0px; font: inherit; margin: 0px; padding: 0px; vertical-align: baseline; color: inherit;\">\n<div dir=\"ltr\" style=\"border: 0px; font: inherit; margin: 0px; padding: 0px; vertical-align: baseline; color: inherit;\">\n<div style=\"border: 0px; font: inherit; margin: 0px; padding: 0px; vertical-align: baseline; color: inherit;\"><\/div>\n<\/div>\n<\/div>\n<\/div>\n<\/div>\n<\/div>\n<\/div>\n<\/div>\n<\/div>\n<\/div>\n<\/div>\n<\/div>\n<\/div>\n<p>[\/et_pb_text][et_pb_image src=&#8221;https:\/\/icmi.acm.org\/2024\/wp-content\/uploads\/2024\/07\/taxiAP.jpg&#8221; alt=&#8221;Picture of Airport orange Taxi. The wing-shaped logo and triangular license are visible on the side.&#8221; title_text=&#8221;taxiAP&#8221; _builder_version=&#8221;4.14.4&#8243; _module_preset=&#8221;default&#8221; custom_padding=&#8221;0px||||false|false&#8221; global_colors_info=&#8221;{}&#8221; theme_builder_area=&#8221;post_content&#8221;][\/et_pb_image][et_pb_text _builder_version=&#8221;4.14.4&#8243; _module_preset=&#8221;default&#8221; header_5_text_color=&#8221;#282562&#8243; custom_margin=&#8221;||39px|||&#8221; custom_padding=&#8221;||0px|||&#8221; global_colors_info=&#8221;{}&#8221; theme_builder_area=&#8221;post_content&#8221;]&nbsp;<\/p>\n<p>Alternatively, you can rent a car directly at the airport. You can also choose to rent a car in advance from <a href=\"https:\/\/www.booking.com\/index.es.html\">booking<\/a> or <a href=\"https:\/\/www.enterprise.cr\/\">enterprise<\/a>., or there is also a car rental office inside the venue hotel (<a href=\"https:\/\/www.avis.cr\/en\/agencies\/san-jose\/2-car-rental-san-jose-costa-rica\">Avis<\/a>). From the airport, it is an easy drive, but traffic can be very heavy depending on the time of the day you arrive. For navigation, we recommend using the Waze app. <a href=\"https:\/\/ul.waze.com\/ul?ll=9.93972706%2C-84.09901142&amp;navigate=yes&amp;zoom=17&amp;utm_campaign=default&amp;utm_source=waze_website&amp;utm_medium=lm_share_location\">These<\/a> are the driving directions.<\/p>\n<p>&nbsp;<\/p>\n<h5><strong>Accomodation<\/strong><\/h5>\n<p>Costa Rica is a tourist destination of high demand, and accommodations can be taken fast, so please also book your hotel with enough time. We recommend doing so immediately after registration.<\/p>\n<p>The organization has separated a limited number of rooms in the conference hotel for attendees, which can be accessed by booking before October 1st. These can be accessed using this <a href=\"https:\/\/urldefense.com\/v3\/__https:\/www.crowneplaza.com\/redirect?path=asearch&amp;brandCode=CP&amp;localeCode=en&amp;regionCode=1&amp;hotelCode=SJOCP&amp;checkInDate=03&amp;checkInMonthYear=102024&amp;checkOutDate=09&amp;checkOutMonthYear=102024&amp;rateCode=6CBARC&amp;_PMID=99801505&amp;GPC=ICM&amp;cn=no&amp;viewfullsite=true__;!!O7R4XxaP!fKIPWg4-noQouf2xPXVVn9DHB4ZfalEQdyx2OGF665GnwQJz0gipqvdLzASc7uo_wVrq_l2NBJnMOov6Q6WQCzdj6j_C5Q$\">link to book<\/a>. The hotel has different services, such as a restaurant, gym, parking, and swimming pool, you can access the information <a href=\"https:\/\/www.ihg.com\/crowneplaza\/hotels\/es\/es\/san-jose\/sjocp\/hoteldetail\">here<\/a>.<\/p>\n<p>You can also opt for other lodging options. The following are some of our recommendations:<\/p>\n<table width=\"100%\" style=\"height: 100px; width: 100%; border-style: solid;\" border=\"0\">\n<tbody>\n<tr style=\"height: 30px;\">\n<td style=\"height: 30px; width: 35%; vertical-align: top;\"><strong>Option<br \/>\n<\/strong><\/td>\n<td style=\"height: 30px; width: 20%;vertical-align: top;\"><strong>Star rating<br \/>\n<\/strong><\/td>\n<td colspan=\"2\" style=\"height: 30px; width: 21%;vertical-align: top;\"><strong>Approx. Price\u00a0 per Night<\/strong><\/td>\n<td style=\"height: 30px;width: 20%;vertical-align: top; \"><strong>Walking distance to venue<\/strong>\n<\/td>\n<\/tr>\n<tr style=\"height: 30px;\">\n<td style=\"height: 30px; ;\"><a href=\"https:\/\/www.booking.com\/hotel\/cr\/hostel-club.es.html?aid=356938&amp;label=metagha-link-MRCR-hotel-2294245_dev-desktop_los-1_bw-13_dow-Friday_defdate-0_room-0_gstadt-2_rateid-public_aud-0_gacid-21415124842_mcid-10_ppa-0_clrid-0_ad-1_gstkid-0_checkin-20240802_ppt-&amp;sid=61f8b3ae6356538b6ad7cd290a39dfcc&amp;all_sr_blocks=229424507_99731846_2_0_0;checkin=2024-08-02;checkout=2024-08-03;dest_id=-1109108;dest_type=city;dist=0;group_adults=2;group_children=0;hapos=1;highlighted_blocks=229424507_99731846_2_0_0;hpos=1;matching_block_id=229424507_99731846_2_0_0;no_rooms=1;req_adults=2;req_children=0;room1=A%2CA;sb_price_type=total;sr_order=popularity;sr_pri_blocks=229424507_99731846_2_0_0__5492;srepoch=1721514819;srpvid=48b49e9ad41f00e0;type=total;ucfs=1&amp;#hotelTmpl\">Casa Jard\u00edn del Mango<\/a><\/td>\n<td style=\"height: 30px; padding-right: 30px;\" ><img decoding=\"async\" src=\"https:\/\/icmi.acm.org\/2024\/wp-content\/uploads\/2024\/07\/2star.png\" alt=\"2 stars\" \/><\/td>\n<td colspan=\"2\" style=\"height: 30px;\">$46<\/td>\n<td style=\"height: 30px; \">1,2 Km<\/td>\n<\/tr>\n<tr style=\"height: 30px;\">\n<td style=\"height: 30px; \"><a href=\"https:\/\/www.booking.com\/hotel\/cr\/suites-cristina.es.html?aid=356938&amp;label=metagha-link-MRCR-hotel-1358550_dev-desktop_los-1_bw-13_dow-Friday_defdate-0_room-0_gstadt-2_rateid-dg_aud-0_gacid-21415124842_mcid-10_ppa-0_clrid-0_ad-1_gstkid-0_checkin-20240802_ppt-G&amp;sid=61f8b3ae6356538b6ad7cd290a39dfcc&amp;all_sr_blocks=135855001_382997619_2_41_0;checkin=2024-08-02;checkout=2024-08-03;dest_id=-1109108;dest_type=city;dist=0;group_adults=2;group_children=0;hapos=1;highlighted_blocks=135855001_382997619_2_41_0;hpos=1;matching_block_id=135855001_382997619_2_41_0;no_rooms=1;req_adults=2;req_children=0;room1=A%2CA;sb_price_type=total;sr_order=popularity;sr_pri_blocks=135855001_382997619_2_41_0__12150;srepoch=1721514897;srpvid=7b3d9ecc98b30009;type=total;ucfs=1&amp;#hotelTmpl\">Hotel Residence Inn Suites Cristina<\/a><\/td>\n<td style=\"height: 30px; padding-right: 30px; \"><img decoding=\"async\" src=\"https:\/\/icmi.acm.org\/2024\/wp-content\/uploads\/2024\/07\/3star.png\" alt=\"3 stars\" \/><\/td>\n<td colspan=\"2\" style=\"height: 30px; \">$122<\/td>\n<td style=\"height: 30px; \">1 Km<\/td>\n<\/tr>\n<tr style=\"height: 30px;\">\n<td style=\"height: 30px; \"><a href=\"https:\/\/www.booking.com\/hotel\/cr\/autentico.es.html?aid=356938&amp;label=metagha-link-MRCR-hotel-1173361_dev-desktop_los-1_bw-13_dow-Friday_defdate-0_room-0_gstadt-2_rateid-0_aud-0_gacid-21415124842_mcid-33_ppa-0_clrid-0_ad-1_gstkid-0_checkin-20240802_ppt-&amp;sid=61f8b3ae6356538b6ad7cd290a39dfcc&amp;all_sr_blocks=117336104_0_2_1_0;checkin=2024-08-02;checkout=2024-08-03;dest_id=-1109108;dest_type=city;dist=0;group_adults=2;group_children=0;hapos=1;highlighted_blocks=117336104_0_2_1_0;hpos=1;matching_block_id=117336104_0_2_1_0;no_rooms=1;req_adults=2;req_children=0;room1=A%2CA;sb_price_type=total;sr_order=popularity;sr_pri_blocks=117336104_0_2_1_0__12639;srepoch=1721514970;srpvid=241b9ef156fa0032;type=total;ucfs=1&amp;#hotelTmpl\">Autentico Hotel<br \/>\n<\/a><\/td>\n<td style=\"height: 30px; padding-right: 30px;\"><img decoding=\"async\" src=\"https:\/\/icmi.acm.org\/2024\/wp-content\/uploads\/2024\/07\/3star.png\" alt=\"3 stars\" \/><\/td>\n<td colspan=\"2\" style=\"height: 48px; \">$125<\/td>\n<td style=\"height: 30px; \">700 Km<\/td>\n<\/tr>\n<tr style=\"height: 30px;\">\n<td style=\"height: 30px; \"><a href=\"https:\/\/www.booking.com\/hotel\/cr\/barcelo-palma-real.es.html?aid=356938&amp;label=metagha-link-MRCR-hotel-334119_dev-desktop_los-1_bw-13_dow-Friday_defdate-0_room-0_gstadt-2_rateid-0_aud-0_gacid-21415124842_mcid-10_ppa-0_clrid-0_ad-1_gstkid-0_checkin-20240802_ppt-&amp;sid=61f8b3ae6356538b6ad7cd290a39dfcc&amp;all_sr_blocks=33411906_205313158_2_1_0;checkin=2024-08-02;checkout=2024-08-03;dest_id=-1109108;dest_type=city;dist=0;group_adults=2;group_children=0;hapos=1;highlighted_blocks=33411906_205313158_2_1_0;hpos=1;matching_block_id=33411906_205313158_2_1_0;no_rooms=1;req_adults=2;req_children=0;room1=A%2CA;sb_price_type=total;sr_order=popularity;sr_pri_blocks=33411906_205313158_2_1_0__10530;srepoch=1721515022;srpvid=6f5e9f0b6454000e;type=total;ucfs=1&amp;#hotelTmpl\">Hotel Palma Real<br \/>\n<\/a><\/td>\n<td style=\"height: 30px; padding-right: 30px;\"><img decoding=\"async\" src=\"https:\/\/icmi.acm.org\/2024\/wp-content\/uploads\/2024\/07\/3star.png\" alt=\"3 stars\" \/><\/td>\n<td colspan=\"2\" style=\"height: 30px; \">$105<\/td>\n<td style=\"height: 30px; \">\u00a01 Km<\/td>\n<\/tr>\n<tr style=\"height: 30px;\">\n<td style=\"height: 48px; \"><a href=\"https:\/\/www.booking.com\/hotel\/cr\/hilton-san-jose-la-sabana.es.html?label=metagha-link-MRCR-hotel-7228945_dev-desktop_los-1_bw-13_dow-Friday_defdate-0_room-0_gstadt-2_rateid-0_aud-0_gacid-21415124842_mcid-10_ppa-0_clrid-0_ad-1_gstkid-0_checkin-20240802_ppt-&amp;sid=61f8b3ae6356538b6ad7cd290a39dfcc&amp;utm_source=metagha&amp;utm_medium=mapresults&amp;utm_term=hotel-7228945&amp;utm_content=dev-desktop_los-1_bw-13_dow-Friday_defdate-0_room-0_gstadt-2_rateid-0_aud-0_gacid-21415124842_mcid-10_ppa-0_clrid-0_ad-1_gstkid-0_checkin-20240802_ppt-&amp;utm_campaign=CR&amp;gclid=Cj0KCQjwwO20BhCJARIsAAnTIVS-wTkSKtyNwtxJRXQLEbM2vgJe04_c1Lvz1dx0IMiVkLRFLAh8oKUaAolYEALw_wcB&amp;aid=356938&amp;ucfs=1&amp;arphpl=1&amp;checkin=2024-08-02&amp;checkout=2024-08-03&amp;dest_id=-1109108&amp;dest_type=city&amp;group_adults=2&amp;req_adults=2&amp;no_rooms=1&amp;group_children=0&amp;req_children=0&amp;hpos=1&amp;hapos=1&amp;sr_order=popularity&amp;srpvid=f93d9f2056a00146&amp;srepoch=1721515066&amp;all_sr_blocks=722894504_309813791_2_42_0&amp;highlighted_blocks=722894504_309813791_2_42_0&amp;matching_block_id=722894504_309813791_2_42_0&amp;sr_pri_blocks=722894504_309813791_2_42_0__17388&amp;from_sustainable_property_sr=1&amp;from=searchresults#hotelTmpl\">Hilton La Sabana<\/a><\/td>\n<td style=\"height: 48px; padding-right: 30px;\"><img decoding=\"async\" src=\"https:\/\/icmi.acm.org\/2024\/wp-content\/uploads\/2024\/07\/4star.png\" alt=\"4 stars\" \/><\/td>\n<td colspan=\"2\" style=\"height: 48px; ;\">$253<\/td>\n<td style=\"height: 30px; \">1,2 Km<\/td>\n<\/tr>\n<tr style=\"height: 30px;\">\n<td style=\"height: 48px; \"><a href=\"https:\/\/www.booking.com\/hotel\/cr\/hilton-san-jose-la-sabana.es.html?label=metagha-link-MRCR-hotel-7228945_dev-desktop_los-1_bw-13_dow-Friday_defdate-0_room-0_gstadt-2_rateid-0_aud-0_gacid-21415124842_mcid-10_ppa-0_clrid-0_ad-1_gstkid-0_checkin-20240802_ppt-&amp;sid=61f8b3ae6356538b6ad7cd290a39dfcc&amp;utm_source=metagha&amp;utm_medium=mapresults&amp;utm_term=hotel-7228945&amp;utm_content=dev-desktop_los-1_bw-13_dow-Friday_defdate-0_room-0_gstadt-2_rateid-0_aud-0_gacid-21415124842_mcid-10_ppa-0_clrid-0_ad-1_gstkid-0_checkin-20240802_ppt-&amp;utm_campaign=CR&amp;gclid=Cj0KCQjwwO20BhCJARIsAAnTIVS-wTkSKtyNwtxJRXQLEbM2vgJe04_c1Lvz1dx0IMiVkLRFLAh8oKUaAolYEALw_wcB&amp;aid=356938&amp;ucfs=1&amp;arphpl=1&amp;checkin=2024-08-02&amp;checkout=2024-08-03&amp;dest_id=-1109108&amp;dest_type=city&amp;group_adults=2&amp;req_adults=2&amp;no_rooms=1&amp;group_children=0&amp;req_children=0&amp;hpos=1&amp;hapos=1&amp;sr_order=popularity&amp;srpvid=f93d9f2056a00146&amp;srepoch=1721515066&amp;all_sr_blocks=722894504_309813791_2_42_0&amp;highlighted_blocks=722894504_309813791_2_42_0&amp;matching_block_id=722894504_309813791_2_42_0&amp;sr_pri_blocks=722894504_309813791_2_42_0__17388&amp;from_sustainable_property_sr=1&amp;from=searchresults#hotelTmpl\">Barcel\u00f3 San Jos\u00e9<br \/>\n<\/a><\/td>\n<td style=\"height: 30px; padding-right: 30px;\"><img decoding=\"async\" src=\"https:\/\/icmi.acm.org\/2024\/wp-content\/uploads\/2024\/07\/5star.png\" alt=\"5 stars\" \/><\/td>\n<td colspan=\"2\" style=\"height: 48px; \">$112<\/td>\n<td style=\"height: 48px; \">1,8 Km<\/td>\n<\/tr>\n<\/tbody>\n<\/table>\n<p>&nbsp;<\/p>\n<p>&nbsp;<\/p>\n<p>&nbsp;<\/p>\n<p>&nbsp;[\/et_pb_text][\/et_pb_column][\/et_pb_row][\/et_pb_section]<\/p>\n","protected":false},"excerpt":{"rendered":"<p>Venue&nbsp; ICMI 2024 will take place at the Crowne Plaza San Jos\u00e9 Conference Center. It is located in the west side of the city and within 30 minutes from the Juan Santamar\u00eda International Airport. The area offers several restaurants and caf\u00e9s within walking distance. La Sabana, a large park that used to be an airport [&hellip;]<\/p>\n","protected":false},"author":1,"featured_media":0,"parent":0,"menu_order":0,"comment_status":"closed","ping_status":"closed","template":"","meta":{"_et_pb_use_builder":"on","_et_pb_old_content":"<!-- wp:paragraph -->\n<p>This is an example page. It's different from a blog post because it will stay in one place and will show up in your site navigation (in most themes). Most people start with an About page that introduces them to potential site visitors. It might say something like this:<\/p>\n<!-- \/wp:paragraph -->\n\n<!-- wp:quote -->\n<blockquote class=\"wp-block-quote\"><p>Hi there! I'm a bike messenger by day, aspiring actor by night, and this is my website. I live in Los Angeles, have a great dog named Jack, and I like pi\u00f1a coladas. (And gettin' caught in the rain.)<\/p><\/blockquote>\n<!-- \/wp:quote -->\n\n<!-- wp:paragraph -->\n<p>...or something like this:<\/p>\n<!-- \/wp:paragraph -->\n\n<!-- wp:quote -->\n<blockquote class=\"wp-block-quote\"><p>The XYZ Doohickey Company was founded in 1971, and has been providing quality doohickeys to the public ever since. Located in Gotham City, XYZ employs over 2,000 people and does all kinds of awesome things for the Gotham community.<\/p><\/blockquote>\n<!-- \/wp:quote -->\n\n<!-- wp:paragraph -->\n<p>As a new WordPress user, you should go to <a href=\"https:\/\/icmi.acm.org\/2024\/wp-admin\/\">your dashboard<\/a> to delete this page and create new pages for your content. Have fun!<\/p>\n<!-- \/wp:paragraph -->","_et_gb_content_width":"","inline_featured_image":false,"footnotes":""},"class_list":["post-1073","page","type-page","status-publish","hentry"],"_links":{"self":[{"href":"https:\/\/icmi.acm.org\/2024\/wp-json\/wp\/v2\/pages\/1073","targetHints":{"allow":["GET"]}}],"collection":[{"href":"https:\/\/icmi.acm.org\/2024\/wp-json\/wp\/v2\/pages"}],"about":[{"href":"https:\/\/icmi.acm.org\/2024\/wp-json\/wp\/v2\/types\/page"}],"author":[{"embeddable":true,"href":"https:\/\/icmi.acm.org\/2024\/wp-json\/wp\/v2\/users\/1"}],"replies":[{"embeddable":true,"href":"https:\/\/icmi.acm.org\/2024\/wp-json\/wp\/v2\/comments?post=1073"}],"version-history":[{"count":24,"href":"https:\/\/icmi.acm.org\/2024\/wp-json\/wp\/v2\/pages\/1073\/revisions"}],"predecessor-version":[{"id":2103,"href":"https:\/\/icmi.acm.org\/2024\/wp-json\/wp\/v2\/pages\/1073\/revisions\/2103"}],"wp:attachment":[{"href":"https:\/\/icmi.acm.org\/2024\/wp-json\/wp\/v2\/media?parent=1073"}],"curies":[{"name":"wp","href":"https:\/\/api.w.org\/{rel}","templated":true}]}}